{"id":3,"date":"2019-11-25T16:11:19","date_gmt":"2019-11-25T16:11:19","guid":{"rendered":"http:\/\/lapetita.trevenque.es\/es\/blog\/?page_id=3"},"modified":"2019-12-19T09:02:57","modified_gmt":"2019-12-19T09:02:57","slug":"politica-privacidad","status":"publish","type":"page","link":"https:\/\/www.lapetita.com\/blog\/politica-privacidad\/","title":{"rendered":"Pol\u00edtica de privacidad"},"content":{"rendered":"\n<p>A trav\u00e9s de su\n<strong>SITIO WEB;<\/strong>\n<strong>https:\/\/www.lapetita.com<\/strong>, &nbsp;de, <strong><em>WORDSINPROGRESS, SL, <\/em><\/strong>en\nadelante, <strong><em>La Petita<\/em><\/strong>, el administrador\nde la p\u00e1gina&nbsp; web. Debido al\ncontenido y la finalidad del <strong>SITIO WEB<\/strong>,\nlas personas que quieran informaci\u00f3n o adquirir los productos ofrecidos en esta\nweb, deber\u00e1n registrarse en el formulario de, <strong>USUARIOS\/CLIENTES,<\/strong> el cual se adquiere completando el formulario de,\n<strong>REGISTRO, <\/strong>sus datos ser\u00e1n\nincorporados en un fichero automatizado&nbsp;\npara suprotecci\u00f3n para la aplicaci\u00f3n\ndel, art\u00edculo, 13, del Reglamento General de Protecci\u00f3n de Datos-UE-2016\/679,\ndel Parlamento y Consejo de Europa, del, 27 de abril de 2016, y la LOPDGDD-3\/2018,\nde 5 de diciembre, la&nbsp; Directiva\n2011\/83\/UE, sobre los derechos de los consumidores, de la Ley aplicable al\nComercio Electr\u00f3nico, 34\/2002, LSSI-CE, y la &nbsp;Ley 3\/2014, de 27 de marzo, Defensa de los Consumidores\ny Usuarios. <\/p>\n\n\n\n<p>En atenci\u00f3n al\nl art\u00edculo, 6, apartado, f, del RGPD-UE-2016\/679, y la LOPD-3\/2018, de garant\u00eda\nde los derechos digitales, en su art\u00edculo, 7, &nbsp;expone que los intereses o los derechos y\nlibertades fundamentales del interesado que requieran la protecci\u00f3n de sus\ndatos personales, en particular cuando el interesado se a un menor de 14, a\u00f1os\nque no pueden prestar su consentimiento para que un comercio online recoja sus\ndatos personales, siendo sus representantes legales&nbsp; (padres \u00f3 tutores) quienes pueden hacerlo en\nsu nombre, salvo cuando el menor tenga como m\u00ednimo, 16 a\u00f1os, que ser\u00e1 licito su\nconsentimiento.<\/p>\n\n\n\n<p><strong>1.INFORMACI\u00d3N SOBRE EL PRODUCTO DE VENTA.<\/strong><\/p>\n\n\n\n<p>Las\ndescripciones de los art\u00edculos expuestos en el <strong>SITIO WEB<\/strong>, se realizan a los listados de productos.<\/p>\n\n\n\n<p>El <strong>SITIO WEB<\/strong>:<strong>\n<\/strong><a href=\"https:\/\/www.farmadalt.com\"><strong>https:\/\/www.lapetita.com<\/strong><\/a><strong>,<\/strong><strong> <\/strong>de la que es Administrador,<strong><em> <\/em><\/strong><strong><em>La\nPetita<\/em><\/strong><strong><em>,<\/em><\/strong> de la venta online de una colecci\u00f3n de libros\nespecializados en literatura infantil y juvenil. <\/p>\n\n\n\n<p>Para<strong><em>&nbsp;<\/em><\/strong><strong><em>La Petita<\/em><\/strong><strong><em>,<\/em><\/strong>\ncada usuario de esta web,&nbsp; es un&nbsp; potencial cliente que se merece que nuestros productos\nest\u00e9n a la altura de sus expectativas.&nbsp;&nbsp; <\/p>\n\n\n\n<p><strong>2. PRECIOS DE LOS PRODUCTOS Y ENV\u00cdOS.<\/strong><\/p>\n\n\n\n<p>Los precios expuestos\nque se indican a trav\u00e9s del <strong>SITIO WEB<\/strong>,\nincluye el IVA en sus productos y, el precio de los env\u00edos depender\u00e1 de la\ncantidad y distancia, el cual quedara reflejada en el momento de la aceptaci\u00f3n\nde la compra en el apartado <strong>MI CARRITO.<\/strong><\/p>\n\n\n\n<p><strong>3. FORMALIZACI\u00d3N DE PEDIDOS<\/strong><\/p>\n\n\n\n<p>Una vez\nformalizado el pedido, es decir, con la <strong>aceptaci\u00f3n<\/strong>\nde las <strong>condiciones de venta<\/strong> y <strong>condiciones de uso<\/strong> y la confirmaci\u00f3n\ndel proceso de compra en el apartado <strong>MI\nCARRITO<\/strong>, el administrador de la\np\u00e1gina Web, <a href=\"https:\/\/www.lapetita.com\"><strong>https:\/\/www.lapetita.com<\/strong><\/a><strong>,\n&nbsp;<\/strong>siempre enviar\u00e1 un aviso o correo electr\u00f3nico al <strong>USUARIO\/CLIENTE,<\/strong> confirmando los\ndetalles de los productos adquiridos.<\/p>\n\n\n\n<p><strong>4. FORMA DE PAGO<\/strong><\/p>\n\n\n\n<p>El <strong>USUARIO\/CLIENTE,<\/strong> pagara en el momento\nque realiza el pedido del producto. El comprobante de compra o servicios y\/o\ngestiones que corresponde al pedido o demanda hecha y se podr\u00e1 visualizar en el\n<strong>SITIO WEB<\/strong>, en la secci\u00f3n de\nclientes.<\/p>\n\n\n\n<p>El <strong>USUARIO\/CLIENTE,<\/strong> deber\u00e1 abonar el\nimporte correspondiente a su pedido mediante sistema de pago con tarjeta de\ncr\u00e9dito o d\u00e9bito; <strong><em>VISA, MASTERCARD, y OTRAS o TRANSFERENCIA BANCARIA.<\/em><\/strong><\/p>\n\n\n\n<p><strong>Los pagos realizados por transferencia bancaria, no se aceptara el\npedido hasta la confirmaci\u00f3n del cobro.<\/strong><\/p>\n\n\n\n<p>El <strong>USUARIO\/CLIENTE, <\/strong>deber\u00e1 notificar al administrador de la p\u00e1gina web\ncualquier cargo indebido o fraudulento en el sistema de pago que utilizada,\nmediante correo electr\u00f3nico o v\u00eda telef\u00f3nica, en el menor plazo de tiempo\nposible para que el administrador\npueda realizar las gestiones oportunas.<\/p>\n\n\n\n<p><strong>5. LUGAR DE ENTREGA, PLAZOS Y P\u00c9RDIDAS:<\/strong><\/p>\n\n\n\n<p>Seg\u00fan el\ndestino se pueden utilizar diversas modalidades o m\u00e9todos de env\u00edo, cada\nmodalidad y cada destino tienen unos tiempos de env\u00edo que se especifican en el\nproceso de confirmaci\u00f3n del pedido en la descripci\u00f3n de cada producto, el\ntiempo de entrega habitual por Mensajero ser\u00e1 de 24 a 48 horas, por Correos ser\u00e1\nde 72 horas, aproximadas y se indican en d\u00edas h\u00e1biles, aunque un retraso en el\nsuministro no ser\u00e1 motivo de penalizaci\u00f3n. <\/p>\n\n\n\n<p>El\nadministrador de la p\u00e1gina web no ser\u00e1 responsable por los errores causados en\nla entrega cuando la direcci\u00f3n de entrega introducida por el <strong>USUARIOO\/CLIENTE<\/strong>, en el formulario de\npedido no se ajuste a la realidad o hayan sido omitidos.<\/p>\n\n\n\n<p>Los plazos\npueden variar por razones log\u00edsticas o de fuerza mayor. En casos de retrasos en\nlas entregas, el administrador de la p\u00e1gina web informar\u00e1 a sus <strong>USUARIOS\/CLIENTE<\/strong>, en cuanto tenga\nconocimiento de ellos.<\/p>\n\n\n\n<p>Cada entrega\nse considera efectuada a partir del momento en que se pone el producto a\ndisposici\u00f3n del <strong>USUARIO\/CLIENTE<\/strong>, que\nse materializa a trav\u00e9s del sistema de control utilizando por la compa\u00f1\u00eda de\nmensajer\u00eda o Correos.<\/p>\n\n\n\n<p>No se\nconsiderar\u00e1n retrasos en la entrega aquellos casos en que el pedido haya sido\npuesto a disposici\u00f3n del <strong>USUARIO\/CLIENTE<\/strong>,\npor parte del repartidor dentro del plazo y no haya podido ser entregado por\ncausa imputable al <strong>USUARIO\/CLIENTE<\/strong>.<\/p>\n\n\n\n<p>Cuando el\npedido salga de nuestra empresa se le enviara un correo electr\u00f3nico notificando\nque su pedido ha sido aceptado y est\u00e1 siendo enviado por el sistema de\nmensajer\u00eda.<\/p>\n\n\n\n<p><strong>5.1. DATOS DE ENTREGA, ENTREGAS NO REALIZADAS Y P\u00c9RDIDAS DEL PRODUCTO.\n<\/strong><\/p>\n\n\n\n<p>Si en el\nmomento de la entrega el <strong>USUARIO\/CLIENTE<\/strong>,\nse encuentra ausente, el repartidor dejara un comprobante indicando c\u00f3mo\nproceder para recoger el pedido. El administrador de la p\u00e1gina web contrata\ncomo parte del servicio de entrega a empresas de mensajer\u00eda, Correos y otros\nsistemas quienes &nbsp;garantizaran que la\nentrega se produzca. <\/p>\n\n\n\n<p>Si pasados 7,\nd\u00edas h\u00e1biles, despu\u00e9s de la salida a reparto del pedido no se ha concertado la\nentrega, el <strong>USUARIO\/CLIENTE<\/strong>, deber\u00e1\nponerse en contacto con el administrador de la p\u00e1gina web.<\/p>\n\n\n\n<p>En caso de que\nel <strong>USUARIO\/CLIENTE<\/strong>, no proceda as\u00ed,\npasados los d\u00edas h\u00e1biles que tienen estipulados los repartidores, desde la\nsalida a reparto del pedido, \u00e9ste ser\u00e1 devuelto, y el <strong>USUARIO\/CLIENTE<\/strong>, deber\u00e1 de hacerse cargo de los gastos de env\u00edo y\nretorno del pedido, as\u00ed como de los gastos de gesti\u00f3n asociados.<\/p>\n\n\n\n<p>Si el motivo\npor el que no se ha podido realizar la entrega, es la p\u00e9rdida&nbsp; del pedido,<strong><em> La Petita<\/em><\/strong><strong><em>,<\/em><\/strong> iniciar\u00e1\nuna investigaci\u00f3n, que retrasara la entrega del pedido, circunstancia que el\nadministrador de esta web, solucionara con el cliente.<\/p>\n\n\n\n<p><strong>5-2.DILIGENCIA EN LA ENTREGA.<\/strong><\/p>\n\n\n\n<p>El <strong>USUARIO\/CLIENTE<\/strong>, deber\u00e1 comprobar el\nbuen estado del pedido ante el repartidor que, por cuenta del administrador de\nla p\u00e1gina web, realice la entrega del producto solicitado. Si, posteriormente,\nuna vez revisado los productos, el <strong>USUARIO\/CLIENTE<\/strong>,\ndetecta cualquier incidencia como indicios de haber sido manipulado o cualquier\ndesperfecto causado en \u00e9ste por el env\u00edo, \u00e9ste se compromete a comunicarlo lo\nantes posible al administrador de la p\u00e1gina web, v\u00eda correo electr\u00f3nico: &nbsp;<a href=\"mailto:Info@lapetita.com\"><strong>Info@lapetita.com<\/strong><\/a><strong>,\n&nbsp;<\/strong>&nbsp;&nbsp;o al tel\u00e9fono;<strong> +34 93 188 24 56.<\/strong><\/p>\n\n\n\n<p><strong>6. DEVOLUCI\u00d3N<\/strong><\/p>\n\n\n\n<p><strong>6.1. PROCEDIMIENTO DE DEVOLUCI\u00d3N:<\/strong><\/p>\n\n\n\n<p>Todos los\nproductos comprados en la p\u00e1gina web del administrador se podr\u00e1n devolver y reembolsar, siempre que el <strong>USUARIO\/CLIENTE,<\/strong> comunique al administrador su intenci\u00f3n de\nretorno de producto\/s adquirido\/s en el menor tiempo posible, desde la\nrecepci\u00f3n del producto, y si procede a la devoluci\u00f3n del producto, el plazo\nser\u00e1 de 14 d\u00edas desde el momento de la comunicaci\u00f3n a la devoluci\u00f3n.<\/p>\n\n\n\n<p>El administrador\nde la p\u00e1gina web s\u00f3lo aceptar\u00e1 devoluciones que cumplan los siguientes\nrequisitos:<\/p>\n\n\n\n<ul><li>El producto debe estar en el mismo estado en que se\nentreg\u00f3 y deber\u00e1 conservar su embalaje y etiquetado original.<\/li><li>El env\u00edo debe hacerse usando la misma caja o envoltorio\nen el que ha sido recibido para proteger el producto.<\/li><li>Para el supuesto de que no se pueda hacer con el\nenvoltorio con el que se entreg\u00f3, el <strong>USUARIO\/CLIENTE<\/strong>,\ndeber\u00e1 devolver en un envoltorio protector para que el producto llegue a la entidad\ndel administrador de la p\u00e1gina web con las m\u00e1ximas garant\u00edas posibles para su\nrevisi\u00f3n.<\/li><li>Devoluci\u00f3n del dinero, si lo desea, en art\u00edculos no\npedidos expresamente fuera de cat\u00e1logo o en un vale que podr\u00e1 canjear el\nimporte del mismo, en su momento por otro libro que desee.<\/li><\/ul>\n\n\n\n<p>Si el motivo\nde la devoluci\u00f3n es imputable al\nadministrador de la p\u00e1gina web (el producto es incorrecto o incompleto,\nno es lo que se hab\u00eda pedido, etc.), el importe de la devoluci\u00f3n ser\u00e1\nreembolsado. Si el motivo es otro, el coste de los gastos de devoluci\u00f3n ser\u00e1n a\ncargo del <strong>USUARIO\/CLIENTE<\/strong>.<\/p>\n\n\n\n<p><strong>Para proceder con una devoluci\u00f3n, se deben seguir los siguientes\npasos:<\/strong><\/p>\n\n\n\n<ul><li>Deber\u00e1 Informar\n     lo antes posible en d\u00edas h\u00e1biles a la entrega, e indicar que el producto\n     quiere ser devuelto. La informaci\u00f3n se puede hacer v\u00eda telef\u00f3nica,<strong> +34 93 188 24 56, <\/strong>o al correo\n     electr\u00f3nico; <a href=\"mailto:info@lapetita.com\"><strong>info@lapetita.com<\/strong><\/a><strong>. &nbsp;<\/strong>&nbsp;<\/li><li>El\n     administrador de la p\u00e1gina Web informara al, <strong>USUARIO\/CIENTE, <\/strong>de la direcci\u00f3n a la que debe enviar el\n     producto.<\/li><li>El <strong>USUARIO\/CLIENTE<\/strong>, debe devolver los\n     productos por el mismo sistema que se le entrego el env\u00edo, mensajero, Correos\n     u otros sistemas. La devoluci\u00f3n la pagara el <strong>USUARIO\/CLIENTE.<\/strong><\/li><li>El\n     administrador de la p\u00e1gina web<strong>, <\/strong>acepta\n     y trata las devolucionesen el\n     amparo de las Leyes locales, la Directiva de la UE y las Leyes\n     Internacionales para los consumidores.<\/li><\/ul>\n\n\n\n<p><strong>7. REEMBOLSO AL USUARIO\/CLIENTE<\/strong><\/p>\n\n\n\n<p>\u00danicamente en\nel caso de que el servicio entregado f\u00edsicamente sea defectuoso o incorrecto, el administrador de la p\u00e1gina web reembolsar\u00e1\ntambi\u00e9n al <strong>USUARIO\/CLIENTE,<\/strong> los\ngastos&nbsp; correspondientes.<\/p>\n\n\n\n<p>El administrador de la p\u00e1gina web gestionar\u00e1 la\norden de devoluci\u00f3n bajo el mismo sistema que se utiliz\u00f3 para el pago. La\naplicaci\u00f3n de la devoluci\u00f3n en la cuenta o tarjeta del <strong>USUARIO\/CLIENTE<\/strong> depender\u00e1 del sistema de pago y la entidad emisora.<\/p>\n\n\n\n<p><strong>8. POLITICA DE PRIVACIDAD <\/strong><\/p>\n\n\n\n<p><strong><em>WORDSINPROGRESS,\nSL,<\/em><\/strong> (<strong><em>La Petita<\/em><\/strong>), informa\nde la posibilidad de ejercer los derechos de <strong>acceso<\/strong>, <strong>rectificaci\u00f3n<\/strong>,\n<strong>oposici\u00f3n,<\/strong> <strong>supresi\u00f3n,<\/strong> <strong>limitaci\u00f3n, <\/strong>y <strong>portabilidad<\/strong>, para\nque el usuario pueda obtener una copia de los datos personales que haya\nfacilitado en la web a fin de poder transmitirlos a otros servicios, estos\nderechos se podr\u00e1n ejercer por cualquier medio que deje constancia de su env\u00edo\ny de su recepci\u00f3n a la direcci\u00f3n:<strong> <em>MARI\u00c0\nAGUIL\u00d3, 115, <\/em><\/strong>C\u00f3digo Postal: <strong><em>08005<\/em>,<\/strong> Localidad: <strong><em>BARCELONA,\n<\/em><\/strong>Provincia: <strong><em>BARCELONA, <\/em><\/strong>Correo\nelectr\u00f3nico:<a href=\"mailto:info@farmadalt.com\"><strong>info@lapetita.com<\/strong><\/a><strong>, &nbsp;<\/strong>&nbsp;aportando fotocopia del DNI o documentaci\u00f3n\nalternativa que acredite su identidad.<\/p>\n","protected":false},"excerpt":{"rendered":"<p>A trav\u00e9s de su SITIO WEB; https:\/\/www.lapetita.com, &nbsp;de, WORDSINPROGRESS, SL, en adelante, La Petita, el administrador de la p\u00e1gina&nbsp; web. Debido al contenido y la finalidad del SITIO WEB, las personas que quieran informaci\u00f3n o adquirir los productos ofrecidos en esta web, deber\u00e1n registrarse en el formulario de, USUARIOS\/CLIENTES, el cual se adquiere completando el [&hellip;]<\/p>\n","protected":false},"author":1,"featured_media":0,"parent":0,"menu_order":0,"comment_status":"closed","ping_status":"open","template":"","meta":{"footnotes":""},"_links":{"self":[{"href":"https:\/\/www.lapetita.com\/blog\/wp-json\/wp\/v2\/pages\/3"}],"collection":[{"href":"https:\/\/www.lapetita.com\/blog\/wp-json\/wp\/v2\/pages"}],"about":[{"href":"https:\/\/www.lapetita.com\/blog\/wp-json\/wp\/v2\/types\/page"}],"author":[{"embeddable":true,"href":"https:\/\/www.lapetita.com\/blog\/wp-json\/wp\/v2\/users\/1"}],"replies":[{"embeddable":true,"href":"https:\/\/www.lapetita.com\/blog\/wp-json\/wp\/v2\/comments?post=3"}],"version-history":[{"count":2,"href":"https:\/\/www.lapetita.com\/blog\/wp-json\/wp\/v2\/pages\/3\/revisions"}],"predecessor-version":[{"id":90,"href":"https:\/\/www.lapetita.com\/blog\/wp-json\/wp\/v2\/pages\/3\/revisions\/90"}],"wp:attachment":[{"href":"https:\/\/www.lapetita.com\/blog\/wp-json\/wp\/v2\/media?parent=3"}],"curies":[{"name":"wp","href":"https:\/\/api.w.org\/{rel}","templated":true}]}}