{"id":64,"date":"2019-12-02T12:17:38","date_gmt":"2019-12-02T12:17:38","guid":{"rendered":"http:\/\/lapetita.trevenque.es\/es\/blog\/?page_id=64"},"modified":"2019-12-19T12:11:20","modified_gmt":"2019-12-19T12:11:20","slug":"politica-de-cookies","status":"publish","type":"page","link":"https:\/\/www.lapetita.com\/blog\/politica-de-cookies\/","title":{"rendered":"Pol\u00edtica de cookies"},"content":{"rendered":"\n<ol><li><strong>\u00bfQUE SON LAS COOKIES?<\/strong><\/li><\/ol>\n\n\n\n<p>Las cookies son peque\u00f1os\narchivos de datos que se reciben en el terminal desde el sitio web visitado y\nse usan para registrar ciertas interacciones de la navegaci\u00f3n en un sitio web\nalmacenando datos que podr\u00e1n ser actualizados y recuperados. Estos archivos se\nalmacenan en el ordenador del usuario y contiene datos an\u00f3nimos que no son\nperjudiciales para su equipo. Se utilizan para recordar las preferencias del\nusuario, como el idioma seleccionado, datos de acceso o personalizaci\u00f3n de la\np\u00e1gina.<\/p>\n\n\n\n<p>Las cookies tambi\u00e9n pueden ser\nutilizadas para registrar informaci\u00f3n an\u00f3nima sobre c\u00f3mo un visitante utiliza\nun sitio. Por ejemplo, desde qu\u00e9 p\u00e1gina web ha accedido, o si ha utilizado un\n\u00abbanner\u00bb publicitario para llegar.<\/p>\n\n\n\n<ul><li><strong>\u00bfPOR QUE UTILIZAMOS COOKIES?<\/strong><\/li><\/ul>\n\n\n\n<p><strong><em>LA PETITA<\/em><\/strong>utiliza cookies estrictamente necesarias y\nesenciales para que utilice nuestros sitios web y le permitan moverse\nlibremente, utilizar \u00e1reas seguras, opciones personalizadas, etc. Adem\u00e1s, <strong><em>LA PETITA <\/em><\/strong>utiliza\ncookies que recogen datos relativos al an\u00e1lisis de uso de la web. Estas se\nutilizan para ayudar a mejorar el servicio al cliente, midiendo el uso y el\nrendimiento de la p\u00e1gina, para optimizarla y personalizarla.<\/p>\n\n\n\n<p>Nuestros sitios tambi\u00e9n pueden\ntener enlaces de redes sociales (como Facebook o Twitter).<strong><em> LA PETITA<\/em><\/strong> no\ncontrola las cookies utilizadas por estas webs externas. Para m\u00e1s informaci\u00f3n\nsobre las cookies de las redes sociales u otras Webs ajenas, aconsejamos\nrevisar sus propias pol\u00edticas de cookies.<\/p>\n\n\n\n<p>Este sitio web utiliza\n\u00abcookies\u00bb de la siguiente manera:<\/p>\n\n\n\n<p>\u2022 Cookie de Google ANALYTICS:\nGoogle ANALYTICS es un servicio gratuito que ofrece Google Inc. y que recoge\ninformaci\u00f3n sobre las p\u00e1ginas de la web consultada, a qu\u00e9 hora, qu\u00e9 navegador\nWeb, etc. Posteriormente, esta informaci\u00f3n se env\u00eda a los servidores de Google\nInc. en Estados Unidos.<\/p>\n\n\n\n<p>\u2022 Cookies de aplicaci\u00f3n\n\u00abAdd-this\u00bb: Add-this es un servicio gratuito que le permite compartir\np\u00e1ginas de este sitio web por diferentes medios (correo electr\u00f3nico, redes\nsociales, etc.). Add-his recoge informaci\u00f3n estad\u00edstica de su navegaci\u00f3n para\nproporcionar publicidad adaptada a sus h\u00e1bitos de navegaci\u00f3n en este sitio web\no en cualquier otro lugar.<\/p>\n\n\n\n<ul><li><strong>\u00bfQUE USO LE DAMOS A LOS\nDIFERENTES TIPOS DE COOKIES?<\/strong><\/li><\/ul>\n\n\n\n<p><strong>Seg\u00fan\nsu finalidad:<\/strong><\/p>\n\n\n\n<p>\u2022 Cookies t\u00e9cnicas: Las\ncookies t\u00e9cnicas son aquellas imprescindibles y estrictamente necesarias para\nel correcto funcionamiento de un portal web y la utilizaci\u00f3n de las diferentes\nopciones y servicios que ofrece. Por ejemplo, las que sirven para el mantenimiento\nde la sesi\u00f3n, la gesti\u00f3n del tiempo de respuesta, rendimiento o validaci\u00f3n de\nopciones, utilizar elementos de seguridad, compartir contenido con redes\nsociales, etc.<\/p>\n\n\n\n<p>\u2022 Cookies de personalizaci\u00f3n:\nEstas cookies permiten al usuario especificar o personalizar algunas\ncaracter\u00edsticas de las opciones generales de la p\u00e1gina web, por ejemplo,\ndefinir el idioma, configuraci\u00f3n regional o tipo de navegador.<\/p>\n\n\n\n<p>\u2022 Cookies anal\u00edticas: Las\ncookies anal\u00edticas son las utilizadas por nuestro portal web, para elaborar perfiles\nnavegaci\u00f3n y poder conocer las preferencias de los usuarios del mismo con el\nfin de mejorar la oferta de productos y servicios. Por ejemplo, mediante una cookie\nanal\u00edtica se controlar\u00edan las \u00e1reas geogr\u00e1ficas de mayor inter\u00e9s de un usuario,\ncu\u00e1l es el producto de m\u00e1s aceptaci\u00f3n, etc.<\/p>\n\n\n\n<p>\u2022 Cookies publicitarias\/de\npublicidad: Las cookies publicitarias permiten la gesti\u00f3n de los espacios\npublicitarios en base a criterios concretos. Por ejemplo, la frecuencia de\nacceso, el contenido editado, etc. Las cookies de publicidad permiten a trav\u00e9s\nde la gesti\u00f3n de la publicidad almacenar informaci\u00f3n del comportamiento a\ntrav\u00e9s de la observaci\u00f3n de h\u00e1bitos, estudiando los accesos y formando un\nperfil de preferencias del usuario, para ofrecer publicidad relacionada con los\nintereses de su perfil.<\/p>\n\n\n\n<p><strong>Seg\u00fan\nplazo:<\/strong><\/p>\n\n\n\n<p>\u2022 Cookies de sesi\u00f3n: Las\ncookies de sesi\u00f3n son aquellas que duran el tiempo que el usuario est\u00e1\nnavegando por la p\u00e1gina web y se borran al t\u00e9rmino.<\/p>\n\n\n\n<p>\u2022 Cookies persistentes: Estas\ncookies quedan almacenadas en el terminal del usuario, por un tiempo m\u00e1s largo,\nfacilitando as\u00ed el control de las preferencias elegidas sin tener que repetir\nciertos par\u00e1metros cada vez que se visite el sitio web.<\/p>\n\n\n\n<ul><li><strong>\u00bfPOR QU\u00c9 NECESITAMOS SU\nCONSENTIMIENTO EXPL\u00cdCITO PARA UTILIZARLAS?<\/strong><\/li><li><strong>Sentencia de la Gran Sala del\nTribunal de Justicia de la Uni\u00f3n Europea, de 1 de octubre de 2019<\/strong><\/li><\/ul>\n\n\n\n<p>La sentencia de la Gran Sala\ndel Tribunal de Justicia de la Uni\u00f3n Europea, del d\u00eda 1 de octubre de 2019, debe\ninterpretarse en el sentido de que el consentimiento no se presta de manera v\u00e1lida\ncuando el almacenamiento de informaci\u00f3n, o el acceso a la informaci\u00f3n ya almacenada\nen el equipo terminal del usuario de un sitio web de internet, a trav\u00e9s de\ncookies se autoriza mediante una casilla marcada por defecto de la que el usuario\ntiene que retirar la marca en caso que quiera rechazar su uso. En este sentido,\nla autorizaci\u00f3n debe basarse en una <strong>aceptaci\u00f3n<\/strong>\nexpl\u00edcita o bien un <strong>rechazo<\/strong> igual por\nparte del usuario.<\/p>\n\n\n\n<p>Esta interpretaci\u00f3n no puede variar\nen funci\u00f3n de si la informaci\u00f3n almacenada o consultada en el terminal del usuario\nde un sitio de internet conste o no de datos de car\u00e1cter personal. <\/p>\n\n\n\n<p>La Gran Sala del Tribunal de\nJusticia de la Uni\u00f3n Europea tambi\u00e9n dispone en esta sentencia que la\ninformaci\u00f3n que el proveedor de servicios debe facilitar al usuario de un sitio\nweb de internet tiene que incluir el tiempo en que les cookies permanecer\u00e1n\nactivas y la posibilidad de que terceros puedan acceder a la informaci\u00f3n que \u00e9stas\nalmacenan. Este requisito lo establece la versi\u00f3n modificada por la Directiva\n2009\/136, que modifica el art\u00edculo 5, apartado 3, de la Directiva\n2002\/58\/UE.&nbsp;&nbsp;&nbsp; <\/p>\n\n\n\n<p>En relaci\u00f3n a la posibilidad\nde que el usuario pueda rechazar el uso de las cookies, hay que tener en cuenta\nque si rechaza o borra las cookies de navegaci\u00f3n por la Web, no podremos mantener\nsus preferencias, algunas caracter\u00edsticas de les p\u00e1ginas no estar\u00e1n operativas,\nno podremos ofrecerle servicios personalizados y cada vez que vaya a navegar por\nnuestra web tendremos que solicitarle de nuevo su autorizaci\u00f3n para el uso de\ncookies.<\/p>\n\n\n\n<p>Si aun as\u00ed, decide modificar\nla configuraci\u00f3n de su acceso a la p\u00e1gina web, debe saber que es posible\neliminar las cookies o impedir que se registre esta informaci\u00f3n en su equipo en\ncualquier momento mediante la modificaci\u00f3n de los par\u00e1metros de configuraci\u00f3n\nde su navegador:<\/p>\n\n\n\n<ul><li><a href=\"https:\/\/support.microsoft.com\/es-es\/help\/17442\/windows-internet-explorer-delete-manage-cookies\">Configuraci\u00f3n\nde cookies de Internet Explorer.<\/a><\/li><li><a href=\"https:\/\/support.mozilla.org\/es\/kb\/habilitar-y-deshabilitar-cookies-sitios-web-rastrear-preferencias\">Configuraci\u00f3n\nde cookies de Firefox.<\/a><\/li><li><a href=\"https:\/\/support.google.com\/chrome\/answer\/95647?co=GENIE.Platform%3DDesktop&amp;hl=es-419\">Configuraci\u00f3n\nde cookies de Google Chrome.<\/a><\/li><li><a href=\"https:\/\/support.apple.com\/es-es\/guide\/safari\/sfri11471\/mac\">Configuraci\u00f3n\nde cookies de Safari.<\/a><\/li><\/ul>\n\n\n\n<p>Estos navegadores est\u00e1n\nsometidos a cambios o modificaciones, por lo que no podemos garantizar que se\najusten completamente a la versi\u00f3n de su navegador. Tambi\u00e9n puede ser que\nutilice otro navegador no contemplado en estos enlaces como Konqueror, Arora,\nFlock, etc. Para evitar estos desajustes, puede acceder directamente desde las\nopciones de su navegador que se encuentra generalmente en el men\u00fa de Opciones,\nen la secci\u00f3n de \u00abPrivacidad\u00bb. (Por favor, consulte la ayuda de su\nnavegador para m\u00e1s informaci\u00f3n.)<\/p>\n\n\n\n<ul><li><strong>\u00bfDONDE PUEDO OBTENER M\u00c1S\nINFORMACION?<\/strong><\/li><\/ul>\n\n\n\n<p>Puedes encontrar m\u00e1s\ninformaci\u00f3n sobre cookies en:<\/p>\n\n\n\n<p>&nbsp;<a href=\"file:\/\/\/C:\/Users\/Toni%20Rovira\/Documents\/LSSI\/CASTELLANO\/COOKIES\/www.allaboutcookies.org\">www.allaboutcookies.org<\/a> o <a href=\"file:\/\/\/C:\/Users\/Toni%20Rovira\/Documents\/LSSI\/CASTELLANO\/COOKIES\/www.youronlinechoices.eu\">www.youronlinechoices.eu.<\/a><\/p>\n","protected":false},"excerpt":{"rendered":"<p>\u00bfQUE SON LAS COOKIES? Las cookies son peque\u00f1os archivos de datos que se reciben en el terminal desde el sitio web visitado y se usan para registrar ciertas interacciones de la navegaci\u00f3n en un sitio web almacenando datos que podr\u00e1n ser actualizados y recuperados. Estos archivos se almacenan en el ordenador del usuario y contiene [&hellip;]<\/p>\n","protected":false},"author":1,"featured_media":0,"parent":0,"menu_order":0,"comment_status":"closed","ping_status":"closed","template":"","meta":{"footnotes":""},"_links":{"self":[{"href":"https:\/\/www.lapetita.com\/blog\/wp-json\/wp\/v2\/pages\/64"}],"collection":[{"href":"https:\/\/www.lapetita.com\/blog\/wp-json\/wp\/v2\/pages"}],"about":[{"href":"https:\/\/www.lapetita.com\/blog\/wp-json\/wp\/v2\/types\/page"}],"author":[{"embeddable":true,"href":"https:\/\/www.lapetita.com\/blog\/wp-json\/wp\/v2\/users\/1"}],"replies":[{"embeddable":true,"href":"https:\/\/www.lapetita.com\/blog\/wp-json\/wp\/v2\/comments?post=64"}],"version-history":[{"count":3,"href":"https:\/\/www.lapetita.com\/blog\/wp-json\/wp\/v2\/pages\/64\/revisions"}],"predecessor-version":[{"id":94,"href":"https:\/\/www.lapetita.com\/blog\/wp-json\/wp\/v2\/pages\/64\/revisions\/94"}],"wp:attachment":[{"href":"https:\/\/www.lapetita.com\/blog\/wp-json\/wp\/v2\/media?parent=64"}],"curies":[{"name":"wp","href":"https:\/\/api.w.org\/{rel}","templated":true}]}}